{"id":206204,"date":"2022-09-08T21:45:35","date_gmt":"2022-09-08T21:45:35","guid":{"rendered":"https:\/\/mujstromecek.cz\/beschwerde\/"},"modified":"2022-10-28T15:29:46","modified_gmt":"2022-10-28T15:29:46","slug":"beschwerde","status":"publish","type":"page","link":"https:\/\/old2024.mujstromecek.cz\/at\/beschwerde\/","title":{"rendered":"Reklamation"},"content":{"rendered":"\n<h2 class=\"wp-block-heading\">Verfahren der Warenreklamation<\/h2>\n\n<p>Falls das Produkt der Spezifikation nicht entspricht, oder falls es zu einem Herstellungsfehler des Produktes in der gesetzlichen Frist gekommen ist, befolgen Sie bitte die nachstehenden Anweisungen:<\/p>\n\n<ol class=\"wp-block-list\" type=\"1\"><li>F\u00fcllen Sie das Online-Reklamationsprotokoll, das Sie unten finden. Im Formular m\u00fcssen alle mit einem Sternchen gekennzeichneten Artikel ausgef\u00fcllt werden. Insbesondere sollen Sie den Fehler klar beschreiben.<\/li><li>Verpacken Sie die Ware sorgf\u00e4ltig in einer Versandverpackung und senden Sie diese per Einschreiben an die Adresse:<br\/>All4Customer, s.r.o.<br\/>Pohrani\u010dn\u00ed 25, 703 00 Ostrava<\/li><li>Sobald wir die Ware im Lager \u00fcbernehmen, pr\u00fcfen wir die Berechtigung Ihrer Reklamation.<\/li><li>\u00dcber die Beendigung der Reklamation werden Sie per E-Mail informiert. Reparierte oder umgetauschte Ware wird an Ihre Adresse gesendet. Wenn die Ware nicht repariert werden kann und nicht mehr verkauft wird, wird der volle Betrag der reklamierten Ware zur\u00fcckerstattet. Wenn Sie nur diesen Artikel gekauft haben (es stehen keine weiteren Artikel auf der Rechnung), werden Ihnen auch Ihre anf\u00e4nglichen Versandkosten erstattet.<\/li><li>F\u00fcr den Fall, dass Ihnen das Geld zur\u00fcckerstattet wird und Sie Mehrwertsteuerzahler sind, m\u00fcssen Sie uns die unterschriebene Gutschrift \u2013 Steuerkorrekturbeleg zur\u00fccksenden. Sie k\u00f6nnen es gescannt per E-Mail oder per Post senden. Nach Erhalt der unterzeichneten Gutschrift verl\u00e4uft die Zahlung per Bank\u00fcberweisung auf das im Formular angef\u00fchrte Konto.<\/li><\/ol>\n<p>Danke f\u00fcr Ihre Zusammenarbeit und f\u00fcr die Einhaltung dieser Instruktionen. Nur so k\u00f6nnen wir das Geld zur\u00fcckerstatten oder die Reklamation zu Ihrer Zufriedenheit und in k\u00fcrzester Zeit abschlie\u00dfen.<\/p>\n\n\t\t<div data-elementor-type=\"section\" data-elementor-id=\"206146\" class=\"elementor elementor-206146 elementor-16465\" data-elementor-post-type=\"elementor_library\">\n\t\t\t\t\t<div class=\"elementor-section-wrap\">\n\t\t\t\t\t\t\t\t<section class=\"elementor-section elementor-top-section elementor-element elementor-element-98ee861 elementor-section-boxed elementor-section-height-default elementor-section-height-default\" data-id=\"98ee861\" data-element_type=\"section\">\n\t\t\t\t\t\t<div class=\"elementor-container elementor-column-gap-default\">\n\t\t\t\t\t\t\t<div class=\"elementor-row\">\n\t\t\t\t\t<div class=\"elementor-column elementor-col-100 elementor-top-column elementor-element elementor-element-1b2afaa0\" data-id=\"1b2afaa0\" data-element_type=\"column\">\n\t\t\t<div class=\"elementor-column-wrap elementor-element-populated\">\n\t\t\t\t\t\t\t<div class=\"elementor-widget-wrap\">\n\t\t\t\t\t\t<div class=\"elementor-element elementor-element-d870a8b elementor-button-align-stretch elementor-widget elementor-widget-form\" data-id=\"d870a8b\" data-element_type=\"widget\" data-settings=\"{&quot;step_next_label&quot;:&quot;N\\u00e4chste&quot;,&quot;step_previous_label&quot;:&quot;Zur\\u00fcck&quot;,&quot;step_type&quot;:&quot;text&quot;,&quot;button_width&quot;:&quot;100&quot;}\" data-widget_type=\"form.default\">\n\t\t\t\t<div class=\"elementor-widget-container\">\n\t\t\t\t\t<form class=\"elementor-form\" method=\"post\" name=\"Beschwerde\">\n\t\t\t<input type=\"hidden\" name=\"post_id\" value=\"206146\"\/>\n\t\t\t<input type=\"hidden\" name=\"form_id\" value=\"d870a8b\"\/>\n\t\t\t<input type=\"hidden\" name=\"referer_title\" value=\"kunstbaum24.at\" \/>\n\n\t\t\t\n\t\t\t<div class=\"elementor-form-fields-wrapper elementor-labels-above\">\n\t\t\t\t\t\t\t\t<div class=\"elementor-field-type-html elementor-field-group elementor-column elementor-field-group-field_12262f6 elementor-col-100\">\n\t\t\t\t\t<span style=\"font-size: 24px\"><strong>1. Produktinformation<\/strong><\/span>\t\t\t\t<\/div>\n\t\t\t\t\t\t\t\t<div class=\"elementor-field-type-text elementor-field-group elementor-column elementor-field-group-c_objednavky elementor-col-50 elementor-field-required elementor-mark-required\">\n\t\t\t\t\t\t\t\t\t\t\t\t<label for=\"form-field-c_objednavky\" class=\"elementor-field-label\">\n\t\t\t\t\t\t\t\tBestell- oder Rechnungsnummer\t\t\t\t\t\t\t<\/label>\n\t\t\t\t\t\t\t\t\t\t\t\t\t\t<input size=\"1\" type=\"text\" name=\"form_fields[c_objednavky]\" id=\"form-field-c_objednavky\" class=\"elementor-field elementor-size-md  elementor-field-textual\" required=\"required\" aria-required=\"true\">\n\t\t\t\t\t\t\t\t\t\t\t<\/div>\n\t\t\t\t\t\t\t\t<div class=\"elementor-field-type-text elementor-field-group elementor-column elementor-field-group-nazev_produktu elementor-col-50 elementor-field-required elementor-mark-required\">\n\t\t\t\t\t\t\t\t\t\t\t\t<label for=\"form-field-nazev_produktu\" class=\"elementor-field-label\">\n\t\t\t\t\t\t\t\tProduktname\t\t\t\t\t\t\t<\/label>\n\t\t\t\t\t\t\t\t\t\t\t\t\t\t<input size=\"1\" type=\"text\" name=\"form_fields[nazev_produktu]\" id=\"form-field-nazev_produktu\" class=\"elementor-field elementor-size-md  elementor-field-textual\" required=\"required\" aria-required=\"true\">\n\t\t\t\t\t\t\t\t\t\t\t<\/div>\n\t\t\t\t\t\t\t\t<div class=\"elementor-field-type-textarea elementor-field-group elementor-column elementor-field-group-popis_zavady elementor-col-100 elementor-field-required elementor-mark-required\">\n\t\t\t\t\t\t\t\t\t\t\t\t<label for=\"form-field-popis_zavady\" class=\"elementor-field-label\">\n\t\t\t\t\t\t\t\tBeschreibung des Mangels\t\t\t\t\t\t\t<\/label>\n\t\t\t\t\t\t<textarea class=\"elementor-field-textual elementor-field  elementor-size-md\" name=\"form_fields[popis_zavady]\" id=\"form-field-popis_zavady\" rows=\"4\" required=\"required\" aria-required=\"true\"><\/textarea>\t\t\t\t<\/div>\n\t\t\t\t\t\t\t\t<div class=\"elementor-field-type-select elementor-field-group elementor-column elementor-field-group-field_ca04555 elementor-col-50 elementor-field-required elementor-mark-required\">\n\t\t\t\t\t\t\t\t\t\t\t\t<label for=\"form-field-field_ca04555\" class=\"elementor-field-label\">\n\t\t\t\t\t\t\t\tBevorzugte Abrechnungsmethode\t\t\t\t\t\t\t<\/label>\n\t\t\t\t\t\t\t\t<div class=\"elementor-field elementor-select-wrapper remove-before \">\n\t\t\t<div class=\"select-caret-down-wrapper\">\n\t\t\t\t<i aria-hidden=\"true\" class=\"eicon-caret-down\"><\/i>\t\t\t<\/div>\n\t\t\t<select name=\"form_fields[field_ca04555]\" id=\"form-field-field_ca04555\" class=\"elementor-field-textual elementor-size-md\" required=\"required\" aria-required=\"true\">\n\t\t\t\t\t\t\t\t\t<option value=\"Austausch\">Austausch<\/option>\n\t\t\t\t\t\t\t\t\t<option value=\"Reparatur\">Reparatur<\/option>\n\t\t\t\t\t\t\t\t\t<option value=\"Korrigierendes Steuerdokument\">Korrigierendes Steuerdokument<\/option>\n\t\t\t\t\t\t\t<\/select>\n\t\t<\/div>\n\t\t\t\t\t\t<\/div>\n\t\t\t\t\t\t\t\t<div class=\"elementor-field-type-text elementor-field-group elementor-column elementor-field-group-field_15782a9 elementor-col-50\">\n\t\t\t\t\t\t\t\t\t\t\t\t<label for=\"form-field-field_15782a9\" class=\"elementor-field-label\">\n\t\t\t\t\t\t\t\tBankkontonummer im Falle eines korrigierten Steuerbelegs\t\t\t\t\t\t\t<\/label>\n\t\t\t\t\t\t\t\t\t\t\t\t\t\t<input size=\"1\" type=\"text\" name=\"form_fields[field_15782a9]\" id=\"form-field-field_15782a9\" class=\"elementor-field elementor-size-md  elementor-field-textual\">\n\t\t\t\t\t\t\t\t\t\t\t<\/div>\n\t\t\t\t\t\t\t\t<div class=\"elementor-field-type-upload elementor-field-group elementor-column elementor-field-group-field_8883b1e elementor-col-33\">\n\t\t\t\t\t\t\t\t\t\t\t\t<label for=\"form-field-field_8883b1e\" class=\"elementor-field-label\">\n\t\t\t\t\t\t\t\tFoto 1\t\t\t\t\t\t\t<\/label>\n\t\t\t\t\t\t\t\t<input type=\"file\" name=\"form_fields[field_8883b1e]\" id=\"form-field-field_8883b1e\" class=\"elementor-field elementor-size-md  elementor-upload-field\" data-maxsize=\"2\" data-maxsize-message=\"This file exceeds the maximum allowed size.\">\n\n\t\t\t\t\t\t<\/div>\n\t\t\t\t\t\t\t\t<div class=\"elementor-field-type-upload elementor-field-group elementor-column elementor-field-group-field_f35fdc5 elementor-col-33\">\n\t\t\t\t\t\t\t\t\t\t\t\t<label for=\"form-field-field_f35fdc5\" class=\"elementor-field-label\">\n\t\t\t\t\t\t\t\tFoto 2\t\t\t\t\t\t\t<\/label>\n\t\t\t\t\t\t\t\t<input type=\"file\" name=\"form_fields[field_f35fdc5]\" id=\"form-field-field_f35fdc5\" class=\"elementor-field elementor-size-md  elementor-upload-field\" data-maxsize=\"2\" data-maxsize-message=\"This file exceeds the maximum allowed size.\">\n\n\t\t\t\t\t\t<\/div>\n\t\t\t\t\t\t\t\t<div class=\"elementor-field-type-upload elementor-field-group elementor-column elementor-field-group-field_f1875f1 elementor-col-33\">\n\t\t\t\t\t\t\t\t\t\t\t\t<label for=\"form-field-field_f1875f1\" class=\"elementor-field-label\">\n\t\t\t\t\t\t\t\tFoto 3\t\t\t\t\t\t\t<\/label>\n\t\t\t\t\t\t\t\t<input type=\"file\" name=\"form_fields[field_f1875f1]\" id=\"form-field-field_f1875f1\" class=\"elementor-field elementor-size-md  elementor-upload-field\" data-maxsize=\"2\" data-maxsize-message=\"This file exceeds the maximum allowed size.\">\n\n\t\t\t\t\t\t<\/div>\n\t\t\t\t\t\t\t\t<div class=\"elementor-field-type-html elementor-field-group elementor-column elementor-field-group-field_9166ca4 elementor-col-100\">\n\t\t\t\t\t<span style=\"font-size: 24px\"><strong>2. \n Kundeninformation<\/strong><\/span>\t\t\t\t<\/div>\n\t\t\t\t\t\t\t\t<div class=\"elementor-field-type-text elementor-field-group elementor-column elementor-field-group-jmeno elementor-col-50 elementor-field-required elementor-mark-required\">\n\t\t\t\t\t\t\t\t\t\t\t\t<label for=\"form-field-jmeno\" class=\"elementor-field-label\">\n\t\t\t\t\t\t\t\tIhr Vor- und Nachname\t\t\t\t\t\t\t<\/label>\n\t\t\t\t\t\t\t\t\t\t\t\t\t\t<input size=\"1\" type=\"text\" name=\"form_fields[jmeno]\" id=\"form-field-jmeno\" class=\"elementor-field elementor-size-md  elementor-field-textual\" required=\"required\" aria-required=\"true\">\n\t\t\t\t\t\t\t\t\t\t\t<\/div>\n\t\t\t\t\t\t\t\t<div class=\"elementor-field-type-text elementor-field-group elementor-column elementor-field-group-spolecnost elementor-col-50\">\n\t\t\t\t\t\t\t\t\t\t\t\t<label for=\"form-field-spolecnost\" class=\"elementor-field-label\">\n\t\t\t\t\t\t\t\tUnternehmen\t\t\t\t\t\t\t<\/label>\n\t\t\t\t\t\t\t\t\t\t\t\t\t\t<input size=\"1\" type=\"text\" name=\"form_fields[spolecnost]\" id=\"form-field-spolecnost\" class=\"elementor-field elementor-size-md  elementor-field-textual\">\n\t\t\t\t\t\t\t\t\t\t\t<\/div>\n\t\t\t\t\t\t\t\t<div class=\"elementor-field-type-text elementor-field-group elementor-column elementor-field-group-adresa elementor-col-33 elementor-field-required elementor-mark-required\">\n\t\t\t\t\t\t\t\t\t\t\t\t<label for=\"form-field-adresa\" class=\"elementor-field-label\">\n\t\t\t\t\t\t\t\tStra\u00dfe und Hausnummer\t\t\t\t\t\t\t<\/label>\n\t\t\t\t\t\t\t\t\t\t\t\t\t\t<input size=\"1\" type=\"text\" name=\"form_fields[adresa]\" id=\"form-field-adresa\" class=\"elementor-field elementor-size-md  elementor-field-textual\" required=\"required\" aria-required=\"true\">\n\t\t\t\t\t\t\t\t\t\t\t<\/div>\n\t\t\t\t\t\t\t\t<div class=\"elementor-field-type-text elementor-field-group elementor-column elementor-field-group-mesto elementor-col-33 elementor-field-required elementor-mark-required\">\n\t\t\t\t\t\t\t\t\t\t\t\t<label for=\"form-field-mesto\" class=\"elementor-field-label\">\n\t\t\t\t\t\t\t\tStadt\t\t\t\t\t\t\t<\/label>\n\t\t\t\t\t\t\t\t\t\t\t\t\t\t<input size=\"1\" type=\"text\" name=\"form_fields[mesto]\" id=\"form-field-mesto\" class=\"elementor-field elementor-size-md  elementor-field-textual\" required=\"required\" aria-required=\"true\">\n\t\t\t\t\t\t\t\t\t\t\t<\/div>\n\t\t\t\t\t\t\t\t<div class=\"elementor-field-type-text elementor-field-group elementor-column elementor-field-group-psc elementor-col-33 elementor-field-required elementor-mark-required\">\n\t\t\t\t\t\t\t\t\t\t\t\t<label for=\"form-field-psc\" class=\"elementor-field-label\">\n\t\t\t\t\t\t\t\tPostleitzahl\t\t\t\t\t\t\t<\/label>\n\t\t\t\t\t\t\t\t\t\t\t\t\t\t<input size=\"1\" type=\"text\" name=\"form_fields[psc]\" id=\"form-field-psc\" class=\"elementor-field elementor-size-md  elementor-field-textual\" required=\"required\" aria-required=\"true\">\n\t\t\t\t\t\t\t\t\t\t\t<\/div>\n\t\t\t\t\t\t\t\t<div class=\"elementor-field-type-text elementor-field-group elementor-column elementor-field-group-telefon elementor-col-50 elementor-field-required elementor-mark-required\">\n\t\t\t\t\t\t\t\t\t\t\t\t<label for=\"form-field-telefon\" class=\"elementor-field-label\">\n\t\t\t\t\t\t\t\tTelefon\t\t\t\t\t\t\t<\/label>\n\t\t\t\t\t\t\t\t\t\t\t\t\t\t<input size=\"1\" type=\"text\" name=\"form_fields[telefon]\" id=\"form-field-telefon\" class=\"elementor-field elementor-size-md  elementor-field-textual\" required=\"required\" aria-required=\"true\">\n\t\t\t\t\t\t\t\t\t\t\t<\/div>\n\t\t\t\t\t\t\t\t<div class=\"elementor-field-type-email elementor-field-group elementor-column elementor-field-group-e_mail elementor-col-50 elementor-field-required elementor-mark-required\">\n\t\t\t\t\t\t\t\t\t\t\t\t<label for=\"form-field-e_mail\" class=\"elementor-field-label\">\n\t\t\t\t\t\t\t\tE-mail\t\t\t\t\t\t\t<\/label>\n\t\t\t\t\t\t\t\t\t\t\t\t\t\t<input size=\"1\" type=\"email\" name=\"form_fields[e_mail]\" id=\"form-field-e_mail\" class=\"elementor-field elementor-size-md  elementor-field-textual\" required=\"required\" aria-required=\"true\">\n\t\t\t\t\t\t\t\t\t\t\t<\/div>\n\t\t\t\t\t\t\t\t<div class=\"elementor-field-type-textarea elementor-field-group elementor-column elementor-field-group-poznamka elementor-col-100\">\n\t\t\t\t\t\t\t\t\t\t\t\t<label for=\"form-field-poznamka\" class=\"elementor-field-label\">\n\t\t\t\t\t\t\t\tNotiz\t\t\t\t\t\t\t<\/label>\n\t\t\t\t\t\t<textarea class=\"elementor-field-textual elementor-field  elementor-size-md\" name=\"form_fields[poznamka]\" id=\"form-field-poznamka\" rows=\"4\"><\/textarea>\t\t\t\t<\/div>\n\t\t\t\t\t\t\t\t<div class=\"elementor-field-type-text\">\n\t\t\t\t\t<input size=\"1\" type=\"text\" name=\"form_fields[field_27ab9cb]\" id=\"form-field-field_27ab9cb\" class=\"elementor-field elementor-size-md \" style=\"display:none !important;\">\t\t\t\t<\/div>\n\t\t\t\t\t\t\t\t<div class=\"elementor-field-group elementor-column elementor-field-type-submit elementor-col-100 e-form__buttons\">\n\t\t\t\t\t<button type=\"submit\" class=\"elementor-button elementor-size-md\">\n\t\t\t\t\t\t<span >\n\t\t\t\t\t\t\t\t\t\t\t\t\t\t\t<span class=\" elementor-button-icon\">\n\t\t\t\t\t\t\t\t\t\t\t\t\t\t\t\t\t\t\t\t\t\t\t\t\t\t<\/span>\n\t\t\t\t\t\t\t\t\t\t\t\t\t\t\t\t\t\t\t\t\t\t<span class=\"elementor-button-text\">Eine Beschwerde einreichen<\/span>\n\t\t\t\t\t\t\t\t\t\t\t\t\t<\/span>\n\t\t\t\t\t<\/button>\n\t\t\t\t<\/div>\n\t\t\t<\/div>\n\t\t<\/form>\n\t\t\t\t<\/div>\n\t\t\t\t<\/div>\n\t\t\t\t\t\t<\/div>\n\t\t\t\t\t<\/div>\n\t\t<\/div>\n\t\t\t\t\t\t\t\t<\/div>\n\t\t\t\t\t<\/div>\n\t\t<\/section>\n\t\t\t\t\t\t\t<\/div>\n\t\t\t\t<\/div>\n\t\t\n","protected":false},"excerpt":{"rendered":"<p>Verfahren der Warenreklamation Falls das Produkt der Spezifikation nicht entspricht, oder falls es zu einem Herstellungsfehler des Produktes in der gesetzlichen Frist gekommen ist, befolgen Sie bitte die nachstehenden Anweisungen: F\u00fcllen Sie das Online-Reklamationsprotokoll, das Sie unten finden. Im Formular m\u00fcssen alle mit einem Sternchen gekennzeichneten Artikel ausgef\u00fcllt werden. Insbesondere sollen Sie den Fehler klar [&hellip;]<\/p>\n","protected":false},"author":3,"featured_media":0,"parent":0,"menu_order":0,"comment_status":"closed","ping_status":"closed","template":"","meta":{"footnotes":""},"class_list":["post-206204","page","type-page","status-publish","hentry"],"featured_image_urls":{"full":"","thumbnail":"","medium":"","medium_large":"","large":"","1536x1536":"","2048x2048":"","woocommerce_thumbnail":"","woocommerce_single":"","woocommerce_gallery_thumbnail":""},"post_excerpt_stackable":"<p>Verfahren der Warenreklamation Falls das Produkt der Spezifikation nicht entspricht, oder falls es zu einem Herstellungsfehler des Produktes in der gesetzlichen Frist gekommen ist, befolgen Sie bitte die nachstehenden Anweisungen: F\u00fcllen Sie das Online-Reklamationsprotokoll, das Sie unten finden. Im Formular m\u00fcssen alle mit einem Sternchen gekennzeichneten Artikel ausgef\u00fcllt werden. Insbesondere sollen Sie den Fehler klar beschreiben.Verpacken Sie die Ware sorgf\u00e4ltig in einer Versandverpackung und senden Sie diese per Einschreiben an die Adresse:All4Customer, s.r.o.Pohrani\u010dn\u00ed 25, 703 00 OstravaSobald wir die Ware im Lager \u00fcbernehmen, pr\u00fcfen wir die Berechtigung Ihrer Reklamation.\u00dcber die Beendigung der Reklamation werden Sie per E-Mail informiert. Reparierte oder&hellip;<\/p>\n","category_list":"","author_info":{"name":"Tomas Turon","url":"https:\/\/old2024.mujstromecek.cz\/at\/author\/tomas\/"},"comments_num":"0 comments","featured_image_urls_v2":{"full":"","thumbnail":"","medium":"","medium_large":"","large":"","1536x1536":"","2048x2048":"","woocommerce_thumbnail":"","woocommerce_single":"","woocommerce_gallery_thumbnail":""},"post_excerpt_stackable_v2":"<p>Verfahren der Warenreklamation Falls das Produkt der Spezifikation nicht entspricht, oder falls es zu einem Herstellungsfehler des Produktes in der gesetzlichen Frist gekommen ist, befolgen Sie bitte die nachstehenden Anweisungen: F\u00fcllen Sie das Online-Reklamationsprotokoll, das Sie unten finden. Im Formular m\u00fcssen alle mit einem Sternchen gekennzeichneten Artikel ausgef\u00fcllt werden. Insbesondere sollen Sie den Fehler klar beschreiben.Verpacken Sie die Ware sorgf\u00e4ltig in einer Versandverpackung und senden Sie diese per Einschreiben an die Adresse:All4Customer, s.r.o.Pohrani\u010dn\u00ed 25, 703 00 OstravaSobald wir die Ware im Lager \u00fcbernehmen, pr\u00fcfen wir die Berechtigung Ihrer Reklamation.\u00dcber die Beendigung der Reklamation werden Sie per E-Mail informiert. Reparierte oder&hellip;<\/p>\n","category_list_v2":"","author_info_v2":{"name":"Tomas Turon","url":"https:\/\/old2024.mujstromecek.cz\/at\/author\/tomas\/"},"comments_num_v2":"0 comments","yoast_head":"<!-- This site is optimized with the Yoast SEO plugin v21.1 - https:\/\/yoast.com\/wordpress\/plugins\/seo\/ -->\n<title>Reklamation - kunstbaum24.at<\/title>\n<meta name=\"robots\" content=\"noindex, follow, max-snippet:-1, max-image-preview:large, max-video-preview:-1\" \/>\n<meta property=\"og:locale\" content=\"de_DE\" \/>\n<meta property=\"og:type\" content=\"article\" \/>\n<meta property=\"og:title\" content=\"Reklamation - kunstbaum24.at\" \/>\n<meta property=\"og:description\" content=\"Verfahren der Warenreklamation Falls das Produkt der Spezifikation nicht entspricht, oder falls es zu einem Herstellungsfehler des Produktes in der gesetzlichen Frist gekommen ist, befolgen Sie bitte die nachstehenden Anweisungen: F\u00fcllen Sie das Online-Reklamationsprotokoll, das Sie unten finden. Im Formular m\u00fcssen alle mit einem Sternchen gekennzeichneten Artikel ausgef\u00fcllt werden. Insbesondere sollen Sie den Fehler klar [&hellip;]\" \/>\n<meta property=\"og:url\" content=\"https:\/\/old2024.mujstromecek.cz\/at\/beschwerde\/\" \/>\n<meta property=\"og:site_name\" content=\"kunstbaum24.at\" \/>\n<meta property=\"article:modified_time\" content=\"2022-10-28T15:29:46+00:00\" \/>\n<meta name=\"twitter:card\" content=\"summary_large_image\" \/>\n<meta name=\"twitter:label1\" content=\"Gesch\u00e4tzte Lesezeit\" \/>\n\t<meta name=\"twitter:data1\" content=\"1 Minute\" \/>\n<script type=\"application\/ld+json\" class=\"yoast-schema-graph\">{\"@context\":\"https:\/\/schema.org\",\"@graph\":[{\"@type\":\"WebPage\",\"@id\":\"https:\/\/old2024.mujstromecek.cz\/at\/beschwerde\/\",\"url\":\"https:\/\/old2024.mujstromecek.cz\/at\/beschwerde\/\",\"name\":\"Reklamation - kunstbaum24.at\",\"isPartOf\":{\"@id\":\"https:\/\/mojstromcek.sk\/#website\"},\"datePublished\":\"2022-09-08T21:45:35+00:00\",\"dateModified\":\"2022-10-28T15:29:46+00:00\",\"breadcrumb\":{\"@id\":\"https:\/\/old2024.mujstromecek.cz\/at\/beschwerde\/#breadcrumb\"},\"inLanguage\":\"de-AT\",\"potentialAction\":[{\"@type\":\"ReadAction\",\"target\":[\"https:\/\/old2024.mujstromecek.cz\/at\/beschwerde\/\"]}]},{\"@type\":\"BreadcrumbList\",\"@id\":\"https:\/\/old2024.mujstromecek.cz\/at\/beschwerde\/#breadcrumb\",\"itemListElement\":[{\"@type\":\"ListItem\",\"position\":1,\"name\":\"Dom\u016f\",\"item\":\"https:\/\/kunstbaum24.at\/\"},{\"@type\":\"ListItem\",\"position\":2,\"name\":\"Reklamation\"}]},{\"@type\":\"WebSite\",\"@id\":\"https:\/\/mojstromcek.sk\/#website\",\"url\":\"https:\/\/mojstromcek.sk\/\",\"name\":\"kunstbaum24.at\",\"description\":\"Online prodej ru\u010dn\u011b vyr\u00e1b\u011bn\u00fdch um\u011bl\u00fdch v\u00e1no\u010dn\u00edch stromk\u016f.\",\"potentialAction\":[{\"@type\":\"SearchAction\",\"target\":{\"@type\":\"EntryPoint\",\"urlTemplate\":\"https:\/\/mojstromcek.sk\/?s={search_term_string}\"},\"query-input\":\"required name=search_term_string\"}],\"inLanguage\":\"de-AT\"}]}<\/script>\n<!-- \/ Yoast SEO plugin. -->","yoast_head_json":{"title":"Reklamation - kunstbaum24.at","robots":{"index":"noindex","follow":"follow","max-snippet":"max-snippet:-1","max-image-preview":"max-image-preview:large","max-video-preview":"max-video-preview:-1"},"og_locale":"de_DE","og_type":"article","og_title":"Reklamation - kunstbaum24.at","og_description":"Verfahren der Warenreklamation Falls das Produkt der Spezifikation nicht entspricht, oder falls es zu einem Herstellungsfehler des Produktes in der gesetzlichen Frist gekommen ist, befolgen Sie bitte die nachstehenden Anweisungen: F\u00fcllen Sie das Online-Reklamationsprotokoll, das Sie unten finden. Im Formular m\u00fcssen alle mit einem Sternchen gekennzeichneten Artikel ausgef\u00fcllt werden. Insbesondere sollen Sie den Fehler klar [&hellip;]","og_url":"https:\/\/old2024.mujstromecek.cz\/at\/beschwerde\/","og_site_name":"kunstbaum24.at","article_modified_time":"2022-10-28T15:29:46+00:00","twitter_card":"summary_large_image","twitter_misc":{"Gesch\u00e4tzte Lesezeit":"1 Minute"},"schema":{"@context":"https:\/\/schema.org","@graph":[{"@type":"WebPage","@id":"https:\/\/old2024.mujstromecek.cz\/at\/beschwerde\/","url":"https:\/\/old2024.mujstromecek.cz\/at\/beschwerde\/","name":"Reklamation - kunstbaum24.at","isPartOf":{"@id":"https:\/\/mojstromcek.sk\/#website"},"datePublished":"2022-09-08T21:45:35+00:00","dateModified":"2022-10-28T15:29:46+00:00","breadcrumb":{"@id":"https:\/\/old2024.mujstromecek.cz\/at\/beschwerde\/#breadcrumb"},"inLanguage":"de-AT","potentialAction":[{"@type":"ReadAction","target":["https:\/\/old2024.mujstromecek.cz\/at\/beschwerde\/"]}]},{"@type":"BreadcrumbList","@id":"https:\/\/old2024.mujstromecek.cz\/at\/beschwerde\/#breadcrumb","itemListElement":[{"@type":"ListItem","position":1,"name":"Dom\u016f","item":"https:\/\/kunstbaum24.at\/"},{"@type":"ListItem","position":2,"name":"Reklamation"}]},{"@type":"WebSite","@id":"https:\/\/mojstromcek.sk\/#website","url":"https:\/\/mojstromcek.sk\/","name":"kunstbaum24.at","description":"Online prodej ru\u010dn\u011b vyr\u00e1b\u011bn\u00fdch um\u011bl\u00fdch v\u00e1no\u010dn\u00edch stromk\u016f.","potentialAction":[{"@type":"SearchAction","target":{"@type":"EntryPoint","urlTemplate":"https:\/\/mojstromcek.sk\/?s={search_term_string}"},"query-input":"required name=search_term_string"}],"inLanguage":"de-AT"}]}},"_links":{"self":[{"href":"https:\/\/old2024.mujstromecek.cz\/at\/wp-json\/wp\/v2\/pages\/206204","targetHints":{"allow":["GET"]}}],"collection":[{"href":"https:\/\/old2024.mujstromecek.cz\/at\/wp-json\/wp\/v2\/pages"}],"about":[{"href":"https:\/\/old2024.mujstromecek.cz\/at\/wp-json\/wp\/v2\/types\/page"}],"author":[{"embeddable":true,"href":"https:\/\/old2024.mujstromecek.cz\/at\/wp-json\/wp\/v2\/users\/3"}],"replies":[{"embeddable":true,"href":"https:\/\/old2024.mujstromecek.cz\/at\/wp-json\/wp\/v2\/comments?post=206204"}],"version-history":[{"count":1,"href":"https:\/\/old2024.mujstromecek.cz\/at\/wp-json\/wp\/v2\/pages\/206204\/revisions"}],"predecessor-version":[{"id":206205,"href":"https:\/\/old2024.mujstromecek.cz\/at\/wp-json\/wp\/v2\/pages\/206204\/revisions\/206205"}],"wp:attachment":[{"href":"https:\/\/old2024.mujstromecek.cz\/at\/wp-json\/wp\/v2\/media?parent=206204"}],"curies":[{"name":"wp","href":"https:\/\/api.w.org\/{rel}","templated":true}]}}