{"id":206187,"date":"2022-05-30T15:06:23","date_gmt":"2022-05-30T15:06:23","guid":{"rendered":"https:\/\/mujstromecek.cz\/2d-nadeln-was-ist-der-unterschied-zwischen-ihnen\/"},"modified":"2024-08-01T12:40:55","modified_gmt":"2024-08-01T12:40:55","slug":"2d-nadeln-was-ist-der-unterschied-zwischen-ihnen","status":"publish","type":"page","link":"https:\/\/old2024.mujstromecek.cz\/at\/2d-nadeln-was-ist-der-unterschied-zwischen-ihnen\/","title":{"rendered":"Der Unterschied zwischen einzelnen Arten von Nadeln"},"content":{"rendered":"\n<p>Die Zeiten, in denen der k\u00fcnstliche Weihnachtsbaum dem echten nur entfernt glich, sind lange vorbei! Unser Online-Shop bietet Weihnachtsb\u00e4ume, die nahezu eine perfekte Kopie lebender B\u00e4ume sind, vor allem dank realistischer, dicht geschichteter Zweige aus den hochwertigsten Materialien PE (Polyethylen) und PVC (Polyvinylchlorid).<\/p>\n\n\n\n<p>Sie k\u00f6nnen Weihnachtsb\u00e4ume mit 2D, 3D (eine Kombination aus 2D- und 3D-Nadeln oder eine Kombination aus PVC- und PE-Materialien) oder sogar 100% 3D-Nadeln w\u00e4hlen. Nachfolgend finden Sie eine Beschreibung der B\u00e4ume nach einzelnen Produktreihen.<\/p>\n\n\n\n<p><strong>Bei 3D-Weihnachtsb\u00e4umen wird das Verh\u00e4ltnis von 2D- und 3D-Nadeln eines bestimmten Baums in der Tabelle im Produktdetail angezeigt.<\/strong><\/p>\n\n\n\n<h3 class=\"wp-block-heading\">ECONOMY<\/h3>\n\n\n\n<p>Erschwingliche 2D- (PVC-Folie) und 3D-B\u00e4ume (Kombination aus 2D- und 3D-Nadeln). Hergestellt mit Standardtechnologie. Sie haben einen Standardtyp der Verteilung (kein SnapTree oder quadratische Anschl\u00fcsse). 2D-Weihnachtsb\u00e4ume sind mit einem Kunststoffst\u00e4nder, 3D-Weihnachtsb\u00e4ume mit einem Metallst\u00e4nder versehen.<\/p>\n\n\n\n<h3 class=\"wp-block-heading\">PREMIUM<\/h3>\n\n\n\n<p>Premium-3D-Weihnachtsb\u00e4ume (PE + PVC-Kombination) aus hochwertigsten Materialien. Hier finden Sie klassische Fichten und Tannen sowie deren verschneite Varianten.<\/p>\n\n\n\n<h3 class=\"wp-block-heading\">PREMIUM+<\/h3>\n\n\n\n<p>Speziell verdickte robuste 3D-Weihnachtsb\u00e4ume (PE + PVC-Kombination), sowohl klassisch als auch mit integrierter LED-Beleuchtung.<\/p>\n\n\n\n<h3 class=\"wp-block-heading\">DIAMOND<\/h3>\n\n\n\n<p>100 % 3D-Weihnachtsb\u00e4ume f\u00fcr die anspruchsvollsten Kunden bestehen ausschlie\u00dflich von PE-Materialien, die ihnen ein ultrarealistisches Erscheinungsbild verleihen.<\/p>\n","protected":false},"excerpt":{"rendered":"<p>Die Zeiten, in denen der k\u00fcnstliche Weihnachtsbaum dem echten nur entfernt glich, sind lange vorbei! Unser Online-Shop bietet Weihnachtsb\u00e4ume, die nahezu eine perfekte Kopie lebender B\u00e4ume sind, vor allem dank realistischer, dicht geschichteter Zweige aus den hochwertigsten Materialien PE (Polyethylen) und PVC (Polyvinylchlorid). Sie k\u00f6nnen Weihnachtsb\u00e4ume mit 2D, 3D (eine Kombination aus 2D- und 3D-Nadeln [&hellip;]<\/p>\n","protected":false},"author":2,"featured_media":0,"parent":0,"menu_order":0,"comment_status":"closed","ping_status":"closed","template":"","meta":{"footnotes":""},"class_list":["post-206187","page","type-page","status-publish","hentry"],"featured_image_urls":{"full":"","thumbnail":"","medium":"","medium_large":"","large":"","1536x1536":"","2048x2048":"","woocommerce_thumbnail":"","woocommerce_single":"","woocommerce_gallery_thumbnail":""},"post_excerpt_stackable":"<p>Die Zeiten, in denen der k\u00fcnstliche Weihnachtsbaum dem echten nur entfernt glich, sind lange vorbei! Unser Online-Shop bietet Weihnachtsb\u00e4ume, die nahezu eine perfekte Kopie lebender B\u00e4ume sind, vor allem dank realistischer, dicht geschichteter Zweige aus den hochwertigsten Materialien PE (Polyethylen) und PVC (Polyvinylchlorid). Sie k\u00f6nnen Weihnachtsb\u00e4ume mit 2D, 3D (eine Kombination aus 2D- und 3D-Nadeln oder eine Kombination aus PVC- und PE-Materialien) oder sogar 100% 3D-Nadeln w\u00e4hlen. Nachfolgend finden Sie eine Beschreibung der B\u00e4ume nach einzelnen Produktreihen. Bei 3D-Weihnachtsb\u00e4umen wird das Verh\u00e4ltnis von 2D- und 3D-Nadeln eines bestimmten Baums in der Tabelle im Produktdetail angezeigt. ECONOMY Erschwingliche 2D- (PVC-Folie) und&hellip;<\/p>\n","category_list":"","author_info":{"name":"Jan Hanzl","url":"https:\/\/old2024.mujstromecek.cz\/at\/author\/jan\/"},"comments_num":"0 comments","featured_image_urls_v2":{"full":"","thumbnail":"","medium":"","medium_large":"","large":"","1536x1536":"","2048x2048":"","woocommerce_thumbnail":"","woocommerce_single":"","woocommerce_gallery_thumbnail":""},"post_excerpt_stackable_v2":"<p>Die Zeiten, in denen der k\u00fcnstliche Weihnachtsbaum dem echten nur entfernt glich, sind lange vorbei! Unser Online-Shop bietet Weihnachtsb\u00e4ume, die nahezu eine perfekte Kopie lebender B\u00e4ume sind, vor allem dank realistischer, dicht geschichteter Zweige aus den hochwertigsten Materialien PE (Polyethylen) und PVC (Polyvinylchlorid). Sie k\u00f6nnen Weihnachtsb\u00e4ume mit 2D, 3D (eine Kombination aus 2D- und 3D-Nadeln oder eine Kombination aus PVC- und PE-Materialien) oder sogar 100% 3D-Nadeln w\u00e4hlen. Nachfolgend finden Sie eine Beschreibung der B\u00e4ume nach einzelnen Produktreihen. Bei 3D-Weihnachtsb\u00e4umen wird das Verh\u00e4ltnis von 2D- und 3D-Nadeln eines bestimmten Baums in der Tabelle im Produktdetail angezeigt. ECONOMY Erschwingliche 2D- (PVC-Folie) und&hellip;<\/p>\n","category_list_v2":"","author_info_v2":{"name":"Jan Hanzl","url":"https:\/\/old2024.mujstromecek.cz\/at\/author\/jan\/"},"comments_num_v2":"0 comments","yoast_head":"<!-- This site is optimized with the Yoast SEO plugin v21.1 - https:\/\/yoast.com\/wordpress\/plugins\/seo\/ -->\n<title>Der Unterschied zwischen einzelnen Arten von Nadeln - kunstbaum24.at<\/title>\n<meta name=\"robots\" content=\"noindex, follow, max-snippet:-1, max-image-preview:large, max-video-preview:-1\" \/>\n<meta property=\"og:locale\" content=\"de_DE\" \/>\n<meta property=\"og:type\" content=\"article\" \/>\n<meta property=\"og:title\" content=\"Der Unterschied zwischen einzelnen Arten von Nadeln - kunstbaum24.at\" \/>\n<meta property=\"og:description\" content=\"Die Zeiten, in denen der k\u00fcnstliche Weihnachtsbaum dem echten nur entfernt glich, sind lange vorbei! Unser Online-Shop bietet Weihnachtsb\u00e4ume, die nahezu eine perfekte Kopie lebender B\u00e4ume sind, vor allem dank realistischer, dicht geschichteter Zweige aus den hochwertigsten Materialien PE (Polyethylen) und PVC (Polyvinylchlorid). Sie k\u00f6nnen Weihnachtsb\u00e4ume mit 2D, 3D (eine Kombination aus 2D- und 3D-Nadeln [&hellip;]\" \/>\n<meta property=\"og:url\" content=\"https:\/\/old2024.mujstromecek.cz\/at\/2d-nadeln-was-ist-der-unterschied-zwischen-ihnen\/\" \/>\n<meta property=\"og:site_name\" content=\"kunstbaum24.at\" \/>\n<meta property=\"article:modified_time\" content=\"2024-08-01T12:40:55+00:00\" \/>\n<meta name=\"twitter:card\" content=\"summary_large_image\" \/>\n<meta name=\"twitter:label1\" content=\"Gesch\u00e4tzte Lesezeit\" \/>\n\t<meta name=\"twitter:data1\" content=\"1 Minute\" \/>\n<script type=\"application\/ld+json\" class=\"yoast-schema-graph\">{\"@context\":\"https:\/\/schema.org\",\"@graph\":[{\"@type\":\"WebPage\",\"@id\":\"https:\/\/old2024.mujstromecek.cz\/at\/2d-nadeln-was-ist-der-unterschied-zwischen-ihnen\/\",\"url\":\"https:\/\/old2024.mujstromecek.cz\/at\/2d-nadeln-was-ist-der-unterschied-zwischen-ihnen\/\",\"name\":\"Der Unterschied zwischen einzelnen Arten von Nadeln - kunstbaum24.at\",\"isPartOf\":{\"@id\":\"https:\/\/mojstromcek.sk\/#website\"},\"datePublished\":\"2022-05-30T15:06:23+00:00\",\"dateModified\":\"2024-08-01T12:40:55+00:00\",\"breadcrumb\":{\"@id\":\"https:\/\/old2024.mujstromecek.cz\/at\/2d-nadeln-was-ist-der-unterschied-zwischen-ihnen\/#breadcrumb\"},\"inLanguage\":\"de-AT\",\"potentialAction\":[{\"@type\":\"ReadAction\",\"target\":[\"https:\/\/old2024.mujstromecek.cz\/at\/2d-nadeln-was-ist-der-unterschied-zwischen-ihnen\/\"]}]},{\"@type\":\"BreadcrumbList\",\"@id\":\"https:\/\/old2024.mujstromecek.cz\/at\/2d-nadeln-was-ist-der-unterschied-zwischen-ihnen\/#breadcrumb\",\"itemListElement\":[{\"@type\":\"ListItem\",\"position\":1,\"name\":\"Dom\u016f\",\"item\":\"https:\/\/kunstbaum24.at\/\"},{\"@type\":\"ListItem\",\"position\":2,\"name\":\"Der Unterschied zwischen einzelnen Arten von Nadeln\"}]},{\"@type\":\"WebSite\",\"@id\":\"https:\/\/mojstromcek.sk\/#website\",\"url\":\"https:\/\/mojstromcek.sk\/\",\"name\":\"kunstbaum24.at\",\"description\":\"Online prodej ru\u010dn\u011b vyr\u00e1b\u011bn\u00fdch um\u011bl\u00fdch v\u00e1no\u010dn\u00edch stromk\u016f.\",\"potentialAction\":[{\"@type\":\"SearchAction\",\"target\":{\"@type\":\"EntryPoint\",\"urlTemplate\":\"https:\/\/mojstromcek.sk\/?s={search_term_string}\"},\"query-input\":\"required name=search_term_string\"}],\"inLanguage\":\"de-AT\"}]}<\/script>\n<!-- \/ Yoast SEO plugin. -->","yoast_head_json":{"title":"Der Unterschied zwischen einzelnen Arten von Nadeln - kunstbaum24.at","robots":{"index":"noindex","follow":"follow","max-snippet":"max-snippet:-1","max-image-preview":"max-image-preview:large","max-video-preview":"max-video-preview:-1"},"og_locale":"de_DE","og_type":"article","og_title":"Der Unterschied zwischen einzelnen Arten von Nadeln - kunstbaum24.at","og_description":"Die Zeiten, in denen der k\u00fcnstliche Weihnachtsbaum dem echten nur entfernt glich, sind lange vorbei! Unser Online-Shop bietet Weihnachtsb\u00e4ume, die nahezu eine perfekte Kopie lebender B\u00e4ume sind, vor allem dank realistischer, dicht geschichteter Zweige aus den hochwertigsten Materialien PE (Polyethylen) und PVC (Polyvinylchlorid). Sie k\u00f6nnen Weihnachtsb\u00e4ume mit 2D, 3D (eine Kombination aus 2D- und 3D-Nadeln [&hellip;]","og_url":"https:\/\/old2024.mujstromecek.cz\/at\/2d-nadeln-was-ist-der-unterschied-zwischen-ihnen\/","og_site_name":"kunstbaum24.at","article_modified_time":"2024-08-01T12:40:55+00:00","twitter_card":"summary_large_image","twitter_misc":{"Gesch\u00e4tzte Lesezeit":"1 Minute"},"schema":{"@context":"https:\/\/schema.org","@graph":[{"@type":"WebPage","@id":"https:\/\/old2024.mujstromecek.cz\/at\/2d-nadeln-was-ist-der-unterschied-zwischen-ihnen\/","url":"https:\/\/old2024.mujstromecek.cz\/at\/2d-nadeln-was-ist-der-unterschied-zwischen-ihnen\/","name":"Der Unterschied zwischen einzelnen Arten von Nadeln - kunstbaum24.at","isPartOf":{"@id":"https:\/\/mojstromcek.sk\/#website"},"datePublished":"2022-05-30T15:06:23+00:00","dateModified":"2024-08-01T12:40:55+00:00","breadcrumb":{"@id":"https:\/\/old2024.mujstromecek.cz\/at\/2d-nadeln-was-ist-der-unterschied-zwischen-ihnen\/#breadcrumb"},"inLanguage":"de-AT","potentialAction":[{"@type":"ReadAction","target":["https:\/\/old2024.mujstromecek.cz\/at\/2d-nadeln-was-ist-der-unterschied-zwischen-ihnen\/"]}]},{"@type":"BreadcrumbList","@id":"https:\/\/old2024.mujstromecek.cz\/at\/2d-nadeln-was-ist-der-unterschied-zwischen-ihnen\/#breadcrumb","itemListElement":[{"@type":"ListItem","position":1,"name":"Dom\u016f","item":"https:\/\/kunstbaum24.at\/"},{"@type":"ListItem","position":2,"name":"Der Unterschied zwischen einzelnen Arten von Nadeln"}]},{"@type":"WebSite","@id":"https:\/\/mojstromcek.sk\/#website","url":"https:\/\/mojstromcek.sk\/","name":"kunstbaum24.at","description":"Online prodej ru\u010dn\u011b vyr\u00e1b\u011bn\u00fdch um\u011bl\u00fdch v\u00e1no\u010dn\u00edch stromk\u016f.","potentialAction":[{"@type":"SearchAction","target":{"@type":"EntryPoint","urlTemplate":"https:\/\/mojstromcek.sk\/?s={search_term_string}"},"query-input":"required name=search_term_string"}],"inLanguage":"de-AT"}]}},"_links":{"self":[{"href":"https:\/\/old2024.mujstromecek.cz\/at\/wp-json\/wp\/v2\/pages\/206187","targetHints":{"allow":["GET"]}}],"collection":[{"href":"https:\/\/old2024.mujstromecek.cz\/at\/wp-json\/wp\/v2\/pages"}],"about":[{"href":"https:\/\/old2024.mujstromecek.cz\/at\/wp-json\/wp\/v2\/types\/page"}],"author":[{"embeddable":true,"href":"https:\/\/old2024.mujstromecek.cz\/at\/wp-json\/wp\/v2\/users\/2"}],"replies":[{"embeddable":true,"href":"https:\/\/old2024.mujstromecek.cz\/at\/wp-json\/wp\/v2\/comments?post=206187"}],"version-history":[{"count":1,"href":"https:\/\/old2024.mujstromecek.cz\/at\/wp-json\/wp\/v2\/pages\/206187\/revisions"}],"predecessor-version":[{"id":599233,"href":"https:\/\/old2024.mujstromecek.cz\/at\/wp-json\/wp\/v2\/pages\/206187\/revisions\/599233"}],"wp:attachment":[{"href":"https:\/\/old2024.mujstromecek.cz\/at\/wp-json\/wp\/v2\/media?parent=206187"}],"curies":[{"name":"wp","href":"https:\/\/api.w.org\/{rel}","templated":true}]}}